{"id":207456,"date":"2017-11-01T13:31:38","date_gmt":"2017-11-01T13:31:38","guid":{"rendered":"https:\/\/intermarket.co.ao\/?page_id=207456"},"modified":"2022-09-21T17:43:01","modified_gmt":"2022-09-21T16:43:01","slug":"contacte","status":"publish","type":"page","link":"https:\/\/intermarket.co.ao\/?page_id=207456","title":{"rendered":"Contacte"},"content":{"rendered":"\t\t<div data-elementor-type=\"wp-page\" data-elementor-id=\"207456\" class=\"elementor elementor-207456\">\n\t\t\t\t\t\t<section class=\"elementor-section elementor-top-section elementor-element elementor-element-22233a3e elementor-section-boxed elementor-section-height-default elementor-section-height-default\" data-id=\"22233a3e\" data-element_type=\"section\" data-e-type=\"section\">\n\t\t\t\t\t\t<div class=\"elementor-container elementor-column-gap-default\">\n\t\t\t\t\t<div class=\"elementor-column elementor-col-100 elementor-top-column elementor-element elementor-element-1b415305\" data-id=\"1b415305\" data-element_type=\"column\" data-e-type=\"column\">\n\t\t\t<div class=\"elementor-widget-wrap elementor-element-populated\">\n\t\t\t\t\t\t<div class=\"elementor-element elementor-element-330f5049 elementor-widget elementor-widget-text-editor\" data-id=\"330f5049\" data-element_type=\"widget\" data-e-type=\"widget\" data-widget_type=\"text-editor.default\">\n\t\t\t\t<div class=\"elementor-widget-container\">\n\t\t\t\t\t\t\t\t\t<p>[et_pb_section fb_built=&#8221;1&#8243; fullwidth=&#8221;on&#8221; disabled_on=&#8221;on|on|on&#8221; _builder_version=&#8221;3.0.85&#8243; disabled=&#8221;on&#8221;][et_pb_fullwidth_header_extended title=&#8221;Ligue-se a n\u00f3s!&#8221; textillate_effect_loop=&#8221;false&#8221; title_before_after=&#8221;before&#8221; subhead_before_after=&#8221;before&#8221; header_scroll_down_effect=&#8221;fadeIn&#8221; exclude_pages=&#8221;off&#8221; exclude_posts=&#8221;off&#8221; hide_button=&#8221;off&#8221; search_button_align=&#8221;left&#8221; content_animation=&#8221;fadeIn&#8221; search_max_width_on_off=&#8221;off&#8221; header_height=&#8221;100%&#8221; button_one_animation=&#8221;fadeIn&#8221; button_one_twod_hover_style=&#8221;hvr-grow&#8221; button_one_sb_hover_style=&#8221;hvr-bubble-top&#8221; button_two_animation=&#8221;fadeIn&#8221; button_two_twod_hover_style=&#8221;hvr-grow&#8221; button_two_sb_hover_style=&#8221;hvr-bubble-top&#8221; background_gradient_type=&#8221;left-to-right&#8221; logo_image_animation=&#8221;fadeIn&#8221; header_image_animation=&#8221;fadeIn&#8221; divider_placement=&#8221;dwd-d-before&#8221; divider_type=&#8221;dwd-d-style-triangles&#8221; _builder_version=&#8221;3.0.85&#8243; title_font=&#8221;|700|||||||&#8221; title_font_size=&#8221;60px&#8221; title_letter_spacing=&#8221;-2px&#8221; title_line_height=&#8221;0.85em&#8221; background_image=&#8221;http:\/\/intermarket.co.ao\/wp-content\/uploads\/2017\/11\/TreeWithLeavesBG1.jpg&#8221; background_size=&#8221;contain&#8221; background_position=&#8221;top_right&#8221; custom_margin_last_edited=&#8221;on|phone&#8221; custom_padding=&#8221;50px|||&#8221; custom_padding_last_edited=&#8221;on|tablet&#8221; custom_css_header_container=&#8221;max-width: 1080px;||&#8221; custom_css_title=&#8221;vertical-align: top;&#8221; whole_header_animation_on_off=&#8221;off&#8221; whole_animation=&#8221;fadeIn&#8221; whole_animation_reveal=&#8221;off&#8221; whole_animation_speed=&#8221;0&#8243; title_animation_on_off=&#8221;off&#8221; title_animation=&#8221;fadeIn&#8221; title_animation_reveal=&#8221;off&#8221; title_animation_speed=&#8221;0&#8243; subheading_animation_on_off=&#8221;off&#8221; subheading_animation=&#8221;fadeIn&#8221; subheading_animation_reveal=&#8221;off&#8221; subheading_animation_speed=&#8221;0&#8243; content_animation_on_off=&#8221;off&#8221; content_animation_reveal=&#8221;off&#8221; content_animation_speed=&#8221;0&#8243; button_one_animation_on_off=&#8221;off&#8221; button_two_animation_on_off=&#8221;off&#8221; button_one_animation_reveal=&#8221;off&#8221; button_one_animation_speed=&#8221;0&#8243; button_two_animation_reveal=&#8221;off&#8221; button_two_animation_speed=&#8221;0&#8243; logo_image_animation_on_off=&#8221;off&#8221; logo_image_animation_reveal=&#8221;off&#8221; logo_image_animation_speed=&#8221;0&#8243; header_image_animation_on_off=&#8221;off&#8221; header_image_animation_reveal=&#8221;off&#8221; header_image_animation_speed=&#8221;0&#8243; button_mobile_fullwidth=&#8221;off&#8221; button_one_hover_effect_on_off=&#8221;off&#8221; button_one_twod_hover_on_off=&#8221;off&#8221; button_one_sb_hover_on_off=&#8221;off&#8221; button_two_hover_effect_on_off=&#8221;off&#8221; button_two_twod_hover_on_off=&#8221;off&#8221; button_two_sb_hover_on_off=&#8221;off&#8221; scroll_fade_header_on_off=&#8221;off&#8221;][\/et_pb_fullwidth_header_extended][\/et_pb_section][et_pb_section fb_built=&#8221;1&#8243; _builder_version=&#8221;3.0.85&#8243; use_background_color_gradient=&#8221;on&#8221; background_color_gradient_start=&#8221;#006647&#8243; background_color_gradient_end=&#8221;#2bac72&#8243; background_color_gradient_direction=&#8221;45deg&#8221; background_image=&#8221;http:\/\/intermarket.co.ao\/wp-content\/uploads\/2017\/11\/TreeWithLeavesBackground.png&#8221; background_position=&#8221;center_right&#8221;][et_pb_row _builder_version=&#8221;3.0.47&#8243; background_size=&#8221;initial&#8221; background_position=&#8221;top_left&#8221; background_repeat=&#8221;repeat&#8221;][et_pb_column type=&#8221;2_3&#8243; _builder_version=&#8221;3.0.47&#8243; parallax=&#8221;off&#8221; parallax_method=&#8221;on&#8221;][et_pb_text _builder_version=&#8221;3.0.85&#8243; text_font=&#8221;|700|||||||&#8221; text_font_size=&#8221;60px&#8221; text_text_color=&#8221;#ffffff&#8221; text_letter_spacing=&#8221;-2px&#8221; text_line_height=&#8221;1em&#8221; header_font_size=&#8221;34px&#8221;]<\/p>\n<p>Contacte-nos<\/p>\n<p>[\/et_pb_text][\/et_pb_column][et_pb_column type=&#8221;1_3&#8243; _builder_version=&#8221;3.0.47&#8243; parallax=&#8221;off&#8221; parallax_method=&#8221;on&#8221;][\/et_pb_column][\/et_pb_row][\/et_pb_section][et_pb_section fb_built=&#8221;1&#8243; _builder_version=&#8221;3.0.47&#8243; custom_padding=&#8221;15px|0px|0px|0px&#8221;][et_pb_row custom_padding=&#8221;25px|0px|35px|4px&#8221; _builder_version=&#8221;3.0.67&#8243;][et_pb_column type=&#8221;1_3&#8243; _builder_version=&#8221;3.0.47&#8243; parallax=&#8221;off&#8221; parallax_method=&#8221;on&#8221;][et_pb_text _builder_version=&#8221;3.0.86&#8243; text_font=&#8221;|700|||||||&#8221; text_font_size=&#8221;35px&#8221; text_text_color=&#8221;#2bac72&#8243; text_letter_spacing=&#8221;-1px&#8221; text_line_height=&#8221;1em&#8221; header_font=&#8221;||||||||&#8221; header_font_size=&#8221;34px&#8221;] Ligue-se a n\u00f3s!<br>[\/et_pb_text][et_pb_text _builder_version=&#8221;3.0.85&#8243;] Porque sabemos como \u00e9 importante para si estar a par das novidades que recebemos. Ligue-se a n\u00f3s e tenha sempre acesso \u00e0s novidades, promo\u00e7\u00f5es e campanhas em primeira m\u00e3o.<br>[\/et_pb_text][et_pb_social_media_follow follow_button=&#8221;on&#8221; _builder_version=&#8221;3.0.85&#8243; border_radii=&#8221;on|100%|100%|100%|100%&#8221; link_shape=&#8221;circle&#8221;][et_pb_social_media_follow_network social_network=&#8221;instagram&#8221; url=&#8221;instagram.com\/intermarket.ao\/&#8221; _builder_version=&#8221;3.0.85&#8243; background_color=&#8221;#2bac72&#8243; link_shape=&#8221;circle&#8221; follow_button=&#8221;on&#8221; url_new_window=&#8221;on&#8221;]instagram[\/et_pb_social_media_follow_network][et_pb_social_media_follow_network social_network=&#8221;facebook&#8221; url=&#8221;https:\/\/www.facebook.com\/intermarketsupermercado&#8221; _builder_version=&#8221;3.0.85&#8243; background_color=&#8221;#006647&#8243; link_shape=&#8221;circle&#8221; follow_button=&#8221;on&#8221; url_new_window=&#8221;on&#8221;]facebook[\/et_pb_social_media_follow_network][\/et_pb_social_media_follow][\/et_pb_column][et_pb_column type=&#8221;2_3&#8243; _builder_version=&#8221;3.0.47&#8243; parallax=&#8221;off&#8221; parallax_method=&#8221;on&#8221;][et_pb_contact_form email=&#8221;Paula.Quintas@orainvest.com&#8221; custom_message=&#8221;Nome: %%Nome%%||et_pb_line_break_holder||Email: %%Email%%||et_pb_line_break_holder||N\u00famero de telefone: %%Telefone%%||et_pb_line_break_holder||Diga ol\u00e1!: %%Message%%&#8221; success_message=&#8221;Obrigado por nos contatar!&#8221; submit_button_text=&#8221;Submeter&#8221; module_id=&#8221;et_pb_contact_form_0&#8243; _builder_version=&#8221;3.0.86&#8243; custom_button=&#8221;on&#8221; button_text_color=&#8221;#006647&#8243; button_bg_color=&#8221;#f5e95b&#8221; button_border_width=&#8221;3px&#8221; button_border_color=&#8221;#f5e95b&#8221; button_font=&#8221;|700||on|||||&#8221; button_bg_color_hover=&#8221;#f5e95b&#8221;][et_pb_contact_field field_id=&#8221;Nome&#8221; field_title=&#8221;Nome&#8221; fullwidth_field=&#8221;on&#8221; field_background_color=&#8221;#f5f5f5&#8243; _builder_version=&#8221;3.0.86&#8243; form_field_text_color=&#8221;rgba(79,79,79,0.99)&#8221; border_radii=&#8221;on||||&#8221;][\/et_pb_contact_field][et_pb_contact_field field_id=&#8221;Email&#8221; field_title=&#8221;Email&#8221; field_type=&#8221;email&#8221; field_background_color=&#8221;#f5f5f5&#8243; _builder_version=&#8221;3.0.86&#8243; form_field_font=&#8221;||||||||&#8221; form_field_text_color=&#8221;rgba(79,79,79,0.99)&#8221; border_radii=&#8221;on||||&#8221;][\/et_pb_contact_field][et_pb_contact_field field_id=&#8221;Telefone&#8221; field_title=&#8221;N\u00famero de telefone&#8221; fullwidth_field=&#8221;on&#8221; field_background_color=&#8221;#f5f5f5&#8243; _builder_version=&#8221;3.0.86&#8243; form_field_text_color=&#8221;rgba(79,79,79,0.99)&#8221; border_radii=&#8221;on||||&#8221;][\/et_pb_contact_field][et_pb_contact_field field_id=&#8221;Message&#8221; field_title=&#8221;Diga ol\u00e1!&#8221; field_type=&#8221;text&#8221; fullwidth_field=&#8221;on&#8221; field_background_color=&#8221;#f5f5f5&#8243; _builder_version=&#8221;3.0.86&#8243; form_field_text_color=&#8221;rgba(79,79,79,0.99)&#8221; border_radii=&#8221;on||||&#8221;][\/et_pb_contact_field][\/et_pb_contact_form][\/et_pb_column][\/et_pb_row][\/et_pb_section]<\/p>\t\t\t\t\t\t\t\t<\/div>\n\t\t\t\t<\/div>\n\t\t\t\t\t<\/div>\n\t\t<\/div>\n\t\t\t\t\t<\/div>\n\t\t<\/section>\n\t\t\t\t<\/div>\n\t\t","protected":false},"excerpt":{"rendered":"<p>[et_pb_section fb_built=&#8221;1&#8243; fullwidth=&#8221;on&#8221; disabled_on=&#8221;on|on|on&#8221; _builder_version=&#8221;3.0.85&#8243; disabled=&#8221;on&#8221;][et_pb_fullwidth_header_extended title=&#8221;Ligue-se a n\u00f3s!&#8221; textillate_effect_loop=&#8221;false&#8221; title_before_after=&#8221;before&#8221; subhead_before_after=&#8221;before&#8221; header_scroll_down_effect=&#8221;fadeIn&#8221; exclude_pages=&#8221;off&#8221; exclude_posts=&#8221;off&#8221; hide_button=&#8221;off&#8221; search_button_align=&#8221;left&#8221; content_animation=&#8221;fadeIn&#8221; search_max_width_on_off=&#8221;off&#8221; header_height=&#8221;100%&#8221; button_one_animation=&#8221;fadeIn&#8221; button_one_twod_hover_style=&#8221;hvr-grow&#8221; button_one_sb_hover_style=&#8221;hvr-bubble-top&#8221; button_two_animation=&#8221;fadeIn&#8221; button_two_twod_hover_style=&#8221;hvr-grow&#8221; button_two_sb_hover_style=&#8221;hvr-bubble-top&#8221; background_gradient_type=&#8221;left-to-right&#8221; logo_image_animation=&#8221;fadeIn&#8221; header_image_animation=&#8221;fadeIn&#8221; divider_placement=&#8221;dwd-d-before&#8221; divider_type=&#8221;dwd-d-style-triangles&#8221; _builder_version=&#8221;3.0.85&#8243; title_font=&#8221;|700|||||||&#8221; title_font_size=&#8221;60px&#8221; title_letter_spacing=&#8221;-2px&#8221; title_line_height=&#8221;0.85em&#8221; background_image=&#8221;https:\/\/intermarket.co.ao\/wp-content\/uploads\/2017\/11\/TreeWithLeavesBG1.jpg&#8221; background_size=&#8221;contain&#8221; background_position=&#8221;top_right&#8221; custom_margin_last_edited=&#8221;on|phone&#8221; custom_padding=&#8221;50px|||&#8221; custom_padding_last_edited=&#8221;on|tablet&#8221; custom_css_header_container=&#8221;max-width: 1080px;||&#8221; custom_css_title=&#8221;vertical-align: top;&#8221; whole_header_animation_on_off=&#8221;off&#8221; whole_animation=&#8221;fadeIn&#8221; whole_animation_reveal=&#8221;off&#8221; whole_animation_speed=&#8221;0&#8243; title_animation_on_off=&#8221;off&#8221; title_animation=&#8221;fadeIn&#8221; title_animation_reveal=&#8221;off&#8221; title_animation_speed=&#8221;0&#8243; subheading_animation_on_off=&#8221;off&#8221; [&hellip;]<\/p>\n","protected":false},"author":1,"featured_media":0,"parent":0,"menu_order":0,"comment_status":"closed","ping_status":"closed","template":"","meta":{"_et_pb_use_builder":"on","_et_pb_old_content":"","_et_gb_content_width":"","footnotes":""},"class_list":["post-207456","page","type-page","status-publish","hentry"],"yoast_head":"<!-- This site is optimized with the Yoast SEO plugin v27.4 - https:\/\/yoast.com\/product\/yoast-seo-wordpress\/ -->\n<title>Contacte | Intermarket<\/title>\n<meta name=\"robots\" content=\"index, follow, max-snippet:-1, max-image-preview:large, max-video-preview:-1\" \/>\n<link rel=\"canonical\" href=\"https:\/\/intermarket.co.ao\/?page_id=207456\" \/>\n<meta property=\"og:locale\" content=\"en_US\" \/>\n<meta property=\"og:type\" content=\"article\" \/>\n<meta property=\"og:title\" content=\"Contacte | Intermarket\" \/>\n<meta property=\"og:description\" content=\"[et_pb_section fb_built=&#8221;1&#8243; fullwidth=&#8221;on&#8221; disabled_on=&#8221;on|on|on&#8221; _builder_version=&#8221;3.0.85&#8243; disabled=&#8221;on&#8221;][et_pb_fullwidth_header_extended title=&#8221;Ligue-se a n\u00f3s!&#8221; textillate_effect_loop=&#8221;false&#8221; title_before_after=&#8221;before&#8221; subhead_before_after=&#8221;before&#8221; header_scroll_down_effect=&#8221;fadeIn&#8221; exclude_pages=&#8221;off&#8221; exclude_posts=&#8221;off&#8221; hide_button=&#8221;off&#8221; search_button_align=&#8221;left&#8221; content_animation=&#8221;fadeIn&#8221; search_max_width_on_off=&#8221;off&#8221; header_height=&#8221;100%&#8221; button_one_animation=&#8221;fadeIn&#8221; button_one_twod_hover_style=&#8221;hvr-grow&#8221; button_one_sb_hover_style=&#8221;hvr-bubble-top&#8221; button_two_animation=&#8221;fadeIn&#8221; button_two_twod_hover_style=&#8221;hvr-grow&#8221; button_two_sb_hover_style=&#8221;hvr-bubble-top&#8221; background_gradient_type=&#8221;left-to-right&#8221; logo_image_animation=&#8221;fadeIn&#8221; header_image_animation=&#8221;fadeIn&#8221; divider_placement=&#8221;dwd-d-before&#8221; divider_type=&#8221;dwd-d-style-triangles&#8221; _builder_version=&#8221;3.0.85&#8243; title_font=&#8221;|700|||||||&#8221; title_font_size=&#8221;60px&#8221; title_letter_spacing=&#8221;-2px&#8221; title_line_height=&#8221;0.85em&#8221; background_image=&#8221;https:\/\/intermarket.co.ao\/wp-content\/uploads\/2017\/11\/TreeWithLeavesBG1.jpg&#8221; background_size=&#8221;contain&#8221; background_position=&#8221;top_right&#8221; custom_margin_last_edited=&#8221;on|phone&#8221; custom_padding=&#8221;50px|||&#8221; custom_padding_last_edited=&#8221;on|tablet&#8221; custom_css_header_container=&#8221;max-width: 1080px;||&#8221; custom_css_title=&#8221;vertical-align: top;&#8221; whole_header_animation_on_off=&#8221;off&#8221; whole_animation=&#8221;fadeIn&#8221; whole_animation_reveal=&#8221;off&#8221; whole_animation_speed=&#8221;0&#8243; title_animation_on_off=&#8221;off&#8221; title_animation=&#8221;fadeIn&#8221; title_animation_reveal=&#8221;off&#8221; title_animation_speed=&#8221;0&#8243; subheading_animation_on_off=&#8221;off&#8221; [&hellip;]\" \/>\n<meta property=\"og:url\" content=\"https:\/\/intermarket.co.ao\/?page_id=207456\" \/>\n<meta property=\"og:site_name\" content=\"Intermarket\" \/>\n<meta property=\"article:publisher\" content=\"https:\/\/www.facebook.com\/intermarketsupermercado\" \/>\n<meta property=\"article:modified_time\" content=\"2022-09-21T16:43:01+00:00\" \/>\n<meta property=\"og:image\" content=\"https:\/\/intermarket.co.ao\/wp-content\/uploads\/2017\/11\/IntermarketWebsite.jpg\" \/>\n\t<meta property=\"og:image:width\" content=\"1200\" \/>\n\t<meta property=\"og:image:height\" content=\"630\" \/>\n\t<meta property=\"og:image:type\" content=\"image\/jpeg\" \/>\n<meta name=\"twitter:card\" content=\"summary_large_image\" \/>\n<meta name=\"twitter:label1\" content=\"Est. reading time\" \/>\n\t<meta name=\"twitter:data1\" content=\"5 minutes\" \/>\n<script type=\"application\/ld+json\" class=\"yoast-schema-graph\">{\"@context\":\"https:\\\/\\\/schema.org\",\"@graph\":[{\"@type\":\"WebPage\",\"@id\":\"https:\\\/\\\/intermarket.co.ao\\\/?page_id=207456\",\"url\":\"https:\\\/\\\/intermarket.co.ao\\\/?page_id=207456\",\"name\":\"Contacte | Intermarket\",\"isPartOf\":{\"@id\":\"https:\\\/\\\/intermarket.co.ao\\\/#website\"},\"datePublished\":\"2017-11-01T13:31:38+00:00\",\"dateModified\":\"2022-09-21T16:43:01+00:00\",\"breadcrumb\":{\"@id\":\"https:\\\/\\\/intermarket.co.ao\\\/?page_id=207456#breadcrumb\"},\"inLanguage\":\"en-US\",\"potentialAction\":[{\"@type\":\"ReadAction\",\"target\":[\"https:\\\/\\\/intermarket.co.ao\\\/?page_id=207456\"]}]},{\"@type\":\"BreadcrumbList\",\"@id\":\"https:\\\/\\\/intermarket.co.ao\\\/?page_id=207456#breadcrumb\",\"itemListElement\":[{\"@type\":\"ListItem\",\"position\":1,\"name\":\"Home\",\"item\":\"https:\\\/\\\/intermarket.co.ao\\\/\"},{\"@type\":\"ListItem\",\"position\":2,\"name\":\"Contacte\"}]},{\"@type\":\"WebSite\",\"@id\":\"https:\\\/\\\/intermarket.co.ao\\\/#website\",\"url\":\"https:\\\/\\\/intermarket.co.ao\\\/\",\"name\":\"Intermarket\",\"description\":\"Angola supermercado. \u00c9 diferente!\",\"publisher\":{\"@id\":\"https:\\\/\\\/intermarket.co.ao\\\/#organization\"},\"potentialAction\":[{\"@type\":\"SearchAction\",\"target\":{\"@type\":\"EntryPoint\",\"urlTemplate\":\"https:\\\/\\\/intermarket.co.ao\\\/?s={search_term_string}\"},\"query-input\":{\"@type\":\"PropertyValueSpecification\",\"valueRequired\":true,\"valueName\":\"search_term_string\"}}],\"inLanguage\":\"en-US\"},{\"@type\":\"Organization\",\"@id\":\"https:\\\/\\\/intermarket.co.ao\\\/#organization\",\"name\":\"Intermarket\",\"url\":\"https:\\\/\\\/intermarket.co.ao\\\/\",\"logo\":{\"@type\":\"ImageObject\",\"inLanguage\":\"en-US\",\"@id\":\"https:\\\/\\\/intermarket.co.ao\\\/#\\\/schema\\\/logo\\\/image\\\/\",\"url\":\"https:\\\/\\\/intermarket.co.ao\\\/wp-content\\\/uploads\\\/2017\\\/05\\\/favicon.png\",\"contentUrl\":\"https:\\\/\\\/intermarket.co.ao\\\/wp-content\\\/uploads\\\/2017\\\/05\\\/favicon.png\",\"width\":800,\"height\":800,\"caption\":\"Intermarket\"},\"image\":{\"@id\":\"https:\\\/\\\/intermarket.co.ao\\\/#\\\/schema\\\/logo\\\/image\\\/\"},\"sameAs\":[\"https:\\\/\\\/www.facebook.com\\\/intermarketsupermercado\",\"http:\\\/\\\/instagram.com\\\/intermarket_supermercados\\\/\"]}]}<\/script>\n<!-- \/ Yoast SEO plugin. -->","yoast_head_json":{"title":"Contacte | Intermarket","robots":{"index":"index","follow":"follow","max-snippet":"max-snippet:-1","max-image-preview":"max-image-preview:large","max-video-preview":"max-video-preview:-1"},"canonical":"https:\/\/intermarket.co.ao\/?page_id=207456","og_locale":"en_US","og_type":"article","og_title":"Contacte | Intermarket","og_description":"[et_pb_section fb_built=&#8221;1&#8243; fullwidth=&#8221;on&#8221; disabled_on=&#8221;on|on|on&#8221; _builder_version=&#8221;3.0.85&#8243; disabled=&#8221;on&#8221;][et_pb_fullwidth_header_extended title=&#8221;Ligue-se a n\u00f3s!&#8221; textillate_effect_loop=&#8221;false&#8221; title_before_after=&#8221;before&#8221; subhead_before_after=&#8221;before&#8221; header_scroll_down_effect=&#8221;fadeIn&#8221; exclude_pages=&#8221;off&#8221; exclude_posts=&#8221;off&#8221; hide_button=&#8221;off&#8221; search_button_align=&#8221;left&#8221; content_animation=&#8221;fadeIn&#8221; search_max_width_on_off=&#8221;off&#8221; header_height=&#8221;100%&#8221; button_one_animation=&#8221;fadeIn&#8221; button_one_twod_hover_style=&#8221;hvr-grow&#8221; button_one_sb_hover_style=&#8221;hvr-bubble-top&#8221; button_two_animation=&#8221;fadeIn&#8221; button_two_twod_hover_style=&#8221;hvr-grow&#8221; button_two_sb_hover_style=&#8221;hvr-bubble-top&#8221; background_gradient_type=&#8221;left-to-right&#8221; logo_image_animation=&#8221;fadeIn&#8221; header_image_animation=&#8221;fadeIn&#8221; divider_placement=&#8221;dwd-d-before&#8221; divider_type=&#8221;dwd-d-style-triangles&#8221; _builder_version=&#8221;3.0.85&#8243; title_font=&#8221;|700|||||||&#8221; title_font_size=&#8221;60px&#8221; title_letter_spacing=&#8221;-2px&#8221; title_line_height=&#8221;0.85em&#8221; background_image=&#8221;https:\/\/intermarket.co.ao\/wp-content\/uploads\/2017\/11\/TreeWithLeavesBG1.jpg&#8221; background_size=&#8221;contain&#8221; background_position=&#8221;top_right&#8221; custom_margin_last_edited=&#8221;on|phone&#8221; custom_padding=&#8221;50px|||&#8221; custom_padding_last_edited=&#8221;on|tablet&#8221; custom_css_header_container=&#8221;max-width: 1080px;||&#8221; custom_css_title=&#8221;vertical-align: top;&#8221; whole_header_animation_on_off=&#8221;off&#8221; whole_animation=&#8221;fadeIn&#8221; whole_animation_reveal=&#8221;off&#8221; whole_animation_speed=&#8221;0&#8243; title_animation_on_off=&#8221;off&#8221; title_animation=&#8221;fadeIn&#8221; title_animation_reveal=&#8221;off&#8221; title_animation_speed=&#8221;0&#8243; subheading_animation_on_off=&#8221;off&#8221; [&hellip;]","og_url":"https:\/\/intermarket.co.ao\/?page_id=207456","og_site_name":"Intermarket","article_publisher":"https:\/\/www.facebook.com\/intermarketsupermercado","article_modified_time":"2022-09-21T16:43:01+00:00","og_image":[{"width":1200,"height":630,"url":"https:\/\/intermarket.co.ao\/wp-content\/uploads\/2017\/11\/IntermarketWebsite.jpg","type":"image\/jpeg"}],"twitter_card":"summary_large_image","twitter_misc":{"Est. reading time":"5 minutes"},"schema":{"@context":"https:\/\/schema.org","@graph":[{"@type":"WebPage","@id":"https:\/\/intermarket.co.ao\/?page_id=207456","url":"https:\/\/intermarket.co.ao\/?page_id=207456","name":"Contacte | Intermarket","isPartOf":{"@id":"https:\/\/intermarket.co.ao\/#website"},"datePublished":"2017-11-01T13:31:38+00:00","dateModified":"2022-09-21T16:43:01+00:00","breadcrumb":{"@id":"https:\/\/intermarket.co.ao\/?page_id=207456#breadcrumb"},"inLanguage":"en-US","potentialAction":[{"@type":"ReadAction","target":["https:\/\/intermarket.co.ao\/?page_id=207456"]}]},{"@type":"BreadcrumbList","@id":"https:\/\/intermarket.co.ao\/?page_id=207456#breadcrumb","itemListElement":[{"@type":"ListItem","position":1,"name":"Home","item":"https:\/\/intermarket.co.ao\/"},{"@type":"ListItem","position":2,"name":"Contacte"}]},{"@type":"WebSite","@id":"https:\/\/intermarket.co.ao\/#website","url":"https:\/\/intermarket.co.ao\/","name":"Intermarket","description":"Angola supermercado. \u00c9 diferente!","publisher":{"@id":"https:\/\/intermarket.co.ao\/#organization"},"potentialAction":[{"@type":"SearchAction","target":{"@type":"EntryPoint","urlTemplate":"https:\/\/intermarket.co.ao\/?s={search_term_string}"},"query-input":{"@type":"PropertyValueSpecification","valueRequired":true,"valueName":"search_term_string"}}],"inLanguage":"en-US"},{"@type":"Organization","@id":"https:\/\/intermarket.co.ao\/#organization","name":"Intermarket","url":"https:\/\/intermarket.co.ao\/","logo":{"@type":"ImageObject","inLanguage":"en-US","@id":"https:\/\/intermarket.co.ao\/#\/schema\/logo\/image\/","url":"https:\/\/intermarket.co.ao\/wp-content\/uploads\/2017\/05\/favicon.png","contentUrl":"https:\/\/intermarket.co.ao\/wp-content\/uploads\/2017\/05\/favicon.png","width":800,"height":800,"caption":"Intermarket"},"image":{"@id":"https:\/\/intermarket.co.ao\/#\/schema\/logo\/image\/"},"sameAs":["https:\/\/www.facebook.com\/intermarketsupermercado","http:\/\/instagram.com\/intermarket_supermercados\/"]}]}},"_links":{"self":[{"href":"https:\/\/intermarket.co.ao\/index.php?rest_route=\/wp\/v2\/pages\/207456","targetHints":{"allow":["GET"]}}],"collection":[{"href":"https:\/\/intermarket.co.ao\/index.php?rest_route=\/wp\/v2\/pages"}],"about":[{"href":"https:\/\/intermarket.co.ao\/index.php?rest_route=\/wp\/v2\/types\/page"}],"author":[{"embeddable":true,"href":"https:\/\/intermarket.co.ao\/index.php?rest_route=\/wp\/v2\/users\/1"}],"replies":[{"embeddable":true,"href":"https:\/\/intermarket.co.ao\/index.php?rest_route=%2Fwp%2Fv2%2Fcomments&post=207456"}],"version-history":[{"count":48,"href":"https:\/\/intermarket.co.ao\/index.php?rest_route=\/wp\/v2\/pages\/207456\/revisions"}],"predecessor-version":[{"id":214729,"href":"https:\/\/intermarket.co.ao\/index.php?rest_route=\/wp\/v2\/pages\/207456\/revisions\/214729"}],"wp:attachment":[{"href":"https:\/\/intermarket.co.ao\/index.php?rest_route=%2Fwp%2Fv2%2Fmedia&parent=207456"}],"curies":[{"name":"wp","href":"https:\/\/api.w.org\/{rel}","templated":true}]}}